{"id":451,"date":"2025-03-11T21:14:45","date_gmt":"2025-03-11T21:14:45","guid":{"rendered":"https:\/\/helsinkinoir.xf.fi\/faq\/"},"modified":"2025-05-06T11:58:05","modified_gmt":"2025-05-06T11:58:05","slug":"faq","status":"publish","type":"page","link":"https:\/\/helsinkinoir.net\/en\/faq\/","title":{"rendered":"FAQ"},"content":{"rendered":"\t\t<div data-elementor-type=\"wp-page\" data-elementor-id=\"451\" class=\"elementor elementor-451 elementor-249\" data-elementor-post-type=\"page\">\n\t\t\t\t<div class=\"elementor-element elementor-element-9cdb5ad e-flex e-con-boxed e-con e-parent\" data-id=\"9cdb5ad\" data-element_type=\"container\" data-e-type=\"container\">\n\t\t\t\t\t<div class=\"e-con-inner\">\n\t\t\t\t<div class=\"elementor-element elementor-element-f881288 elementor-widget elementor-widget-heading\" data-id=\"f881288\" data-element_type=\"widget\" data-e-type=\"widget\" data-widget_type=\"heading.default\">\n\t\t\t\t<div class=\"elementor-widget-container\">\n\t\t\t\t\t<h1 class=\"elementor-heading-title elementor-size-default\">Festival info<\/h1>\t\t\t\t<\/div>\n\t\t\t\t<\/div>\n\t\t\t\t\t<\/div>\n\t\t\t\t<\/div>\n\t\t<div class=\"elementor-element elementor-element-3656c4b e-flex e-con-boxed e-con e-parent\" data-id=\"3656c4b\" data-element_type=\"container\" data-e-type=\"container\">\n\t\t\t\t\t<div class=\"e-con-inner\">\n\t\t<div class=\"elementor-element elementor-element-a33793c e-con-full e-flex e-con e-child\" data-id=\"a33793c\" data-element_type=\"container\" data-e-type=\"container\" data-settings=\"{&quot;background_background&quot;:&quot;classic&quot;}\">\n\t\t<div class=\"elementor-element elementor-element-6dcfdff e-con-full e-flex e-con e-child\" data-id=\"6dcfdff\" data-element_type=\"container\" data-e-type=\"container\" data-settings=\"{&quot;background_background&quot;:&quot;classic&quot;}\">\n\t\t<div class=\"elementor-element elementor-element-92af78b e-con-full e-flex e-con e-child\" data-id=\"92af78b\" data-element_type=\"container\" data-e-type=\"container\">\n\t\t\t\t<div class=\"elementor-element elementor-element-4429117 elementor-view-default elementor-widget elementor-widget-icon\" data-id=\"4429117\" data-element_type=\"widget\" data-e-type=\"widget\" data-widget_type=\"icon.default\">\n\t\t\t\t<div class=\"elementor-widget-container\">\n\t\t\t\t\t\t\t<div class=\"elementor-icon-wrapper\">\n\t\t\t<div class=\"elementor-icon\">\n\t\t\t<svg xmlns=\"http:\/\/www.w3.org\/2000\/svg\" id=\"Layer_2\" data-name=\"Layer 2\" viewBox=\"0 0 823.29 21.01\"><g id=\"Layer_1-2\" data-name=\"Layer 1\"><g><polygon points=\"823.29 3.68 819.61 0 812.78 6.83 805.96 0 802.28 3.68 809.1 10.51 802.28 17.33 805.96 21.01 812.78 14.18 819.61 21.01 823.29 17.33 816.46 10.51 823.29 3.68\" style=\"fill: #ff6a0e;\"><\/polygon><polygon points=\"787.52 0 780.69 6.83 773.86 0 770.19 3.68 777.01 10.51 770.19 17.33 773.86 21.01 780.69 14.18 787.52 21.01 791.2 17.33 784.37 10.51 791.2 3.68 787.52 0\" style=\"fill: #ff6a0e;\"><\/polygon><polygon points=\"755.43 0 748.6 6.83 741.77 0 738.09 3.68 744.92 10.51 738.09 17.33 741.77 21.01 748.6 14.18 755.43 21.01 759.11 17.33 752.28 10.51 759.11 3.68 755.43 0\" style=\"fill: #ff6a0e;\"><\/polygon><polygon points=\"723.34 0 716.51 6.83 709.68 0 706 3.68 712.83 10.51 706 17.33 709.68 21.01 716.51 14.18 723.34 21.01 727.01 17.33 720.19 10.51 727.01 3.68 723.34 0\" style=\"fill: #ff6a0e;\"><\/polygon><polygon points=\"691.25 0 684.42 6.83 677.59 0 673.91 3.68 680.74 10.51 673.91 17.33 677.59 21.01 684.42 14.18 691.25 21.01 694.92 17.33 688.1 10.51 694.92 3.68 691.25 0\" style=\"fill: #ff6a0e;\"><\/polygon><polygon points=\"659.16 0 652.33 6.83 645.5 0 641.82 3.68 648.65 10.51 641.82 17.33 645.5 21.01 652.33 14.18 659.16 21.01 662.83 17.33 656.01 10.51 662.83 3.68 659.16 0\" style=\"fill: #ff6a0e;\"><\/polygon><polygon points=\"627.06 0 620.24 6.83 613.41 0 609.73 3.68 616.56 10.51 609.73 17.33 613.41 21.01 620.24 14.18 627.06 21.01 630.74 17.33 623.91 10.51 630.74 3.68 627.06 0\" style=\"fill: #ff6a0e;\"><\/polygon><polygon points=\"594.97 0 588.15 6.83 581.32 0 577.64 3.68 584.47 10.51 577.64 17.33 581.32 21.01 588.15 14.18 594.97 21.01 598.65 17.33 591.82 10.51 598.65 3.68 594.97 0\" style=\"fill: #ff6a0e;\"><\/polygon><polygon points=\"562.88 0 556.05 6.83 549.23 0 545.55 3.68 552.38 10.51 545.55 17.33 549.23 21.01 556.05 14.18 562.88 21.01 566.56 17.33 559.73 10.51 566.56 3.68 562.88 0\" style=\"fill: #ff6a0e;\"><\/polygon><polygon points=\"530.79 0 523.96 6.83 517.13 0 513.46 3.68 520.29 10.51 513.46 17.33 517.13 21.01 523.96 14.18 530.79 21.01 534.47 17.33 527.64 10.51 534.47 3.68 530.79 0\" style=\"fill: #ff6a0e;\"><\/polygon><polygon points=\"498.7 0 491.87 6.83 485.04 0 481.37 3.68 488.19 10.51 481.37 17.33 485.04 21.01 491.87 14.18 498.7 21.01 502.38 17.33 495.55 10.51 502.38 3.68 498.7 0\" style=\"fill: #ff6a0e;\"><\/polygon><polygon points=\"466.61 0 459.78 6.83 452.95 0 449.28 3.68 456.1 10.51 449.28 17.33 452.95 21.01 459.78 14.18 466.61 21.01 470.29 17.33 463.46 10.51 470.29 3.68 466.61 0\" style=\"fill: #ff6a0e;\"><\/polygon><polygon points=\"434.52 0 427.69 6.83 420.86 0 417.18 3.68 424.01 10.51 417.18 17.33 420.86 21.01 427.69 14.18 434.52 21.01 438.2 17.33 431.37 10.51 438.2 3.68 434.52 0\" style=\"fill: #ff6a0e;\"><\/polygon><polygon points=\"402.43 0 395.6 6.83 388.77 0 385.09 3.68 391.92 10.51 385.09 17.33 388.77 21.01 395.6 14.18 402.43 21.01 406.1 17.33 399.28 10.51 406.1 3.68 402.43 0\" style=\"fill: #ff6a0e;\"><\/polygon><polygon points=\"370.33 0 363.51 6.83 356.68 0 353 3.68 359.83 10.51 353 17.33 356.68 21.01 363.51 14.18 370.33 21.01 374.01 17.33 367.19 10.51 374.01 3.68 370.33 0\" style=\"fill: #ff6a0e;\"><\/polygon><polygon points=\"338.24 0 331.42 6.83 324.59 0 320.91 3.68 327.74 10.51 320.91 17.33 324.59 21.01 331.42 14.18 338.24 21.01 341.92 17.33 335.09 10.51 341.92 3.68 338.24 0\" style=\"fill: #ff6a0e;\"><\/polygon><polygon points=\"306.15 0 299.33 6.83 292.5 0 288.82 3.68 295.65 10.51 288.82 17.33 292.5 21.01 299.33 14.18 306.15 21.01 309.83 17.33 303 10.51 309.83 3.68 306.15 0\" style=\"fill: #ff6a0e;\"><\/polygon><polygon points=\"274.06 0 267.23 6.83 260.41 0 256.73 3.68 263.56 10.51 256.73 17.33 260.41 21.01 267.23 14.18 274.06 21.01 277.74 17.33 270.91 10.51 277.74 3.68 274.06 0\" style=\"fill: #ff6a0e;\"><\/polygon><polygon points=\"241.97 0 235.14 6.83 228.32 0 224.64 3.68 231.47 10.51 224.64 17.33 228.32 21.01 235.14 14.18 241.97 21.01 245.65 17.33 238.82 10.51 245.65 3.68 241.97 0\" style=\"fill: #ff6a0e;\"><\/polygon><polygon points=\"209.88 0 203.05 6.83 196.22 0 192.55 3.68 199.37 10.51 192.55 17.33 196.22 21.01 203.05 14.18 209.88 21.01 213.56 17.33 206.73 10.51 213.56 3.68 209.88 0\" style=\"fill: #ff6a0e;\"><\/polygon><polygon points=\"177.79 0 170.96 6.83 164.13 0 160.46 3.68 167.28 10.51 160.46 17.33 164.13 21.01 170.96 14.18 177.79 21.01 181.47 17.33 174.64 10.51 181.47 3.68 177.79 0\" style=\"fill: #ff6a0e;\"><\/polygon><polygon points=\"145.7 0 138.87 6.83 132.04 0 128.36 3.68 135.19 10.51 128.36 17.33 132.04 21.01 138.87 14.18 145.7 21.01 149.38 17.33 142.55 10.51 149.38 3.68 145.7 0\" style=\"fill: #ff6a0e;\"><\/polygon><polygon points=\"113.61 0 106.78 6.83 99.95 0 96.27 3.68 103.1 10.51 96.27 17.33 99.95 21.01 106.78 14.18 113.61 21.01 117.28 17.33 110.46 10.51 117.28 3.68 113.61 0\" style=\"fill: #ff6a0e;\"><\/polygon><polygon points=\"81.52 0 74.69 6.83 67.86 0 64.18 3.68 71.01 10.51 64.18 17.33 67.86 21.01 74.69 14.18 81.52 21.01 85.19 17.33 78.37 10.51 85.19 3.68 81.52 0\" style=\"fill: #ff6a0e;\"><\/polygon><polygon points=\"49.42 0 42.6 6.83 35.77 0 32.09 3.68 38.92 10.51 32.09 17.33 35.77 21.01 42.6 14.18 49.42 21.01 53.1 17.33 46.27 10.51 53.1 3.68 49.42 0\" style=\"fill: #ff6a0e;\"><\/polygon><polygon points=\"17.33 0 10.51 6.83 3.68 0 0 3.68 6.83 10.51 0 17.33 3.68 21.01 10.51 14.18 17.33 21.01 21.01 17.33 14.18 10.51 21.01 3.68 17.33 0\" style=\"fill: #ff6a0e;\"><\/polygon><\/g><\/g><\/svg>\t\t\t<\/div>\n\t\t<\/div>\n\t\t\t\t\t\t<\/div>\n\t\t\t\t<\/div>\n\t\t\t\t<\/div>\n\t\t<div class=\"elementor-element elementor-element-2ea05df e-con-full e-flex e-con e-child\" data-id=\"2ea05df\" data-element_type=\"container\" data-e-type=\"container\">\n\t\t\t\t<div class=\"elementor-element elementor-element-0bfd56c elementor-widget elementor-widget-heading\" data-id=\"0bfd56c\" data-element_type=\"widget\" data-e-type=\"widget\" data-widget_type=\"heading.default\">\n\t\t\t\t<div class=\"elementor-widget-container\">\n\t\t\t\t\t<h2 class=\"elementor-heading-title elementor-size-default\">FAQ<\/h2>\t\t\t\t<\/div>\n\t\t\t\t<\/div>\n\t\t\t\t<\/div>\n\t\t<div class=\"elementor-element elementor-element-6f5be49 e-con-full e-flex e-con e-child\" data-id=\"6f5be49\" data-element_type=\"container\" data-e-type=\"container\">\n\t\t\t\t<div class=\"elementor-element elementor-element-ec49291 elementor-view-default elementor-widget elementor-widget-icon\" data-id=\"ec49291\" data-element_type=\"widget\" data-e-type=\"widget\" data-widget_type=\"icon.default\">\n\t\t\t\t<div class=\"elementor-widget-container\">\n\t\t\t\t\t\t\t<div class=\"elementor-icon-wrapper\">\n\t\t\t<div class=\"elementor-icon\">\n\t\t\t<svg xmlns=\"http:\/\/www.w3.org\/2000\/svg\" id=\"Layer_2\" data-name=\"Layer 2\" viewBox=\"0 0 823.29 21.01\"><g id=\"Layer_1-2\" data-name=\"Layer 1\"><g><polygon points=\"823.29 3.68 819.61 0 812.78 6.83 805.96 0 802.28 3.68 809.1 10.51 802.28 17.33 805.96 21.01 812.78 14.18 819.61 21.01 823.29 17.33 816.46 10.51 823.29 3.68\" style=\"fill: #ff6a0e;\"><\/polygon><polygon points=\"787.52 0 780.69 6.83 773.86 0 770.19 3.68 777.01 10.51 770.19 17.33 773.86 21.01 780.69 14.18 787.52 21.01 791.2 17.33 784.37 10.51 791.2 3.68 787.52 0\" style=\"fill: #ff6a0e;\"><\/polygon><polygon points=\"755.43 0 748.6 6.83 741.77 0 738.09 3.68 744.92 10.51 738.09 17.33 741.77 21.01 748.6 14.18 755.43 21.01 759.11 17.33 752.28 10.51 759.11 3.68 755.43 0\" style=\"fill: #ff6a0e;\"><\/polygon><polygon points=\"723.34 0 716.51 6.83 709.68 0 706 3.68 712.83 10.51 706 17.33 709.68 21.01 716.51 14.18 723.34 21.01 727.01 17.33 720.19 10.51 727.01 3.68 723.34 0\" style=\"fill: #ff6a0e;\"><\/polygon><polygon points=\"691.25 0 684.42 6.83 677.59 0 673.91 3.68 680.74 10.51 673.91 17.33 677.59 21.01 684.42 14.18 691.25 21.01 694.92 17.33 688.1 10.51 694.92 3.68 691.25 0\" style=\"fill: #ff6a0e;\"><\/polygon><polygon points=\"659.16 0 652.33 6.83 645.5 0 641.82 3.68 648.65 10.51 641.82 17.33 645.5 21.01 652.33 14.18 659.16 21.01 662.83 17.33 656.01 10.51 662.83 3.68 659.16 0\" style=\"fill: #ff6a0e;\"><\/polygon><polygon points=\"627.06 0 620.24 6.83 613.41 0 609.73 3.68 616.56 10.51 609.73 17.33 613.41 21.01 620.24 14.18 627.06 21.01 630.74 17.33 623.91 10.51 630.74 3.68 627.06 0\" style=\"fill: #ff6a0e;\"><\/polygon><polygon points=\"594.97 0 588.15 6.83 581.32 0 577.64 3.68 584.47 10.51 577.64 17.33 581.32 21.01 588.15 14.18 594.97 21.01 598.65 17.33 591.82 10.51 598.65 3.68 594.97 0\" style=\"fill: #ff6a0e;\"><\/polygon><polygon points=\"562.88 0 556.05 6.83 549.23 0 545.55 3.68 552.38 10.51 545.55 17.33 549.23 21.01 556.05 14.18 562.88 21.01 566.56 17.33 559.73 10.51 566.56 3.68 562.88 0\" style=\"fill: #ff6a0e;\"><\/polygon><polygon points=\"530.79 0 523.96 6.83 517.13 0 513.46 3.68 520.29 10.51 513.46 17.33 517.13 21.01 523.96 14.18 530.79 21.01 534.47 17.33 527.64 10.51 534.47 3.68 530.79 0\" style=\"fill: #ff6a0e;\"><\/polygon><polygon points=\"498.7 0 491.87 6.83 485.04 0 481.37 3.68 488.19 10.51 481.37 17.33 485.04 21.01 491.87 14.18 498.7 21.01 502.38 17.33 495.55 10.51 502.38 3.68 498.7 0\" style=\"fill: #ff6a0e;\"><\/polygon><polygon points=\"466.61 0 459.78 6.83 452.95 0 449.28 3.68 456.1 10.51 449.28 17.33 452.95 21.01 459.78 14.18 466.61 21.01 470.29 17.33 463.46 10.51 470.29 3.68 466.61 0\" style=\"fill: #ff6a0e;\"><\/polygon><polygon points=\"434.52 0 427.69 6.83 420.86 0 417.18 3.68 424.01 10.51 417.18 17.33 420.86 21.01 427.69 14.18 434.52 21.01 438.2 17.33 431.37 10.51 438.2 3.68 434.52 0\" style=\"fill: #ff6a0e;\"><\/polygon><polygon points=\"402.43 0 395.6 6.83 388.77 0 385.09 3.68 391.92 10.51 385.09 17.33 388.77 21.01 395.6 14.18 402.43 21.01 406.1 17.33 399.28 10.51 406.1 3.68 402.43 0\" style=\"fill: #ff6a0e;\"><\/polygon><polygon points=\"370.33 0 363.51 6.83 356.68 0 353 3.68 359.83 10.51 353 17.33 356.68 21.01 363.51 14.18 370.33 21.01 374.01 17.33 367.19 10.51 374.01 3.68 370.33 0\" style=\"fill: #ff6a0e;\"><\/polygon><polygon points=\"338.24 0 331.42 6.83 324.59 0 320.91 3.68 327.74 10.51 320.91 17.33 324.59 21.01 331.42 14.18 338.24 21.01 341.92 17.33 335.09 10.51 341.92 3.68 338.24 0\" style=\"fill: #ff6a0e;\"><\/polygon><polygon points=\"306.15 0 299.33 6.83 292.5 0 288.82 3.68 295.65 10.51 288.82 17.33 292.5 21.01 299.33 14.18 306.15 21.01 309.83 17.33 303 10.51 309.83 3.68 306.15 0\" style=\"fill: #ff6a0e;\"><\/polygon><polygon points=\"274.06 0 267.23 6.83 260.41 0 256.73 3.68 263.56 10.51 256.73 17.33 260.41 21.01 267.23 14.18 274.06 21.01 277.74 17.33 270.91 10.51 277.74 3.68 274.06 0\" style=\"fill: #ff6a0e;\"><\/polygon><polygon points=\"241.97 0 235.14 6.83 228.32 0 224.64 3.68 231.47 10.51 224.64 17.33 228.32 21.01 235.14 14.18 241.97 21.01 245.65 17.33 238.82 10.51 245.65 3.68 241.97 0\" style=\"fill: #ff6a0e;\"><\/polygon><polygon points=\"209.88 0 203.05 6.83 196.22 0 192.55 3.68 199.37 10.51 192.55 17.33 196.22 21.01 203.05 14.18 209.88 21.01 213.56 17.33 206.73 10.51 213.56 3.68 209.88 0\" style=\"fill: #ff6a0e;\"><\/polygon><polygon points=\"177.79 0 170.96 6.83 164.13 0 160.46 3.68 167.28 10.51 160.46 17.33 164.13 21.01 170.96 14.18 177.79 21.01 181.47 17.33 174.64 10.51 181.47 3.68 177.79 0\" style=\"fill: #ff6a0e;\"><\/polygon><polygon points=\"145.7 0 138.87 6.83 132.04 0 128.36 3.68 135.19 10.51 128.36 17.33 132.04 21.01 138.87 14.18 145.7 21.01 149.38 17.33 142.55 10.51 149.38 3.68 145.7 0\" style=\"fill: #ff6a0e;\"><\/polygon><polygon points=\"113.61 0 106.78 6.83 99.95 0 96.27 3.68 103.1 10.51 96.27 17.33 99.95 21.01 106.78 14.18 113.61 21.01 117.28 17.33 110.46 10.51 117.28 3.68 113.61 0\" style=\"fill: #ff6a0e;\"><\/polygon><polygon points=\"81.52 0 74.69 6.83 67.86 0 64.18 3.68 71.01 10.51 64.18 17.33 67.86 21.01 74.69 14.18 81.52 21.01 85.19 17.33 78.37 10.51 85.19 3.68 81.52 0\" style=\"fill: #ff6a0e;\"><\/polygon><polygon points=\"49.42 0 42.6 6.83 35.77 0 32.09 3.68 38.92 10.51 32.09 17.33 35.77 21.01 42.6 14.18 49.42 21.01 53.1 17.33 46.27 10.51 53.1 3.68 49.42 0\" style=\"fill: #ff6a0e;\"><\/polygon><polygon points=\"17.33 0 10.51 6.83 3.68 0 0 3.68 6.83 10.51 0 17.33 3.68 21.01 10.51 14.18 17.33 21.01 21.01 17.33 14.18 10.51 21.01 3.68 17.33 0\" style=\"fill: #ff6a0e;\"><\/polygon><\/g><\/g><\/svg>\t\t\t<\/div>\n\t\t<\/div>\n\t\t\t\t\t\t<\/div>\n\t\t\t\t<\/div>\n\t\t\t\t<\/div>\n\t\t\t\t<\/div>\n\t\t\t\t<\/div>\n\t\t\t\t\t<\/div>\n\t\t\t\t<\/div>\n\t\t<div class=\"elementor-element elementor-element-93cef52 e-flex e-con-boxed e-con e-parent\" data-id=\"93cef52\" data-element_type=\"container\" data-e-type=\"container\">\n\t\t\t\t\t<div class=\"e-con-inner\">\n\t\t\t\t<div class=\"elementor-element elementor-element-01d560b elementor-widget elementor-widget-text-editor\" data-id=\"01d560b\" data-element_type=\"widget\" data-e-type=\"widget\" data-widget_type=\"text-editor.default\">\n\t\t\t\t<div class=\"elementor-widget-container\">\n\t\t\t\t\t\t\t\t\t<p>\u00a0<\/p><h4 style=\"text-align: center;\"><span style=\"color: #d9dedd;\">27 and 28 February 2026<\/span><\/h4><h2 style=\"text-align: center;\"><span style=\"color: #d9dedd;\">Helsinki Noir \u2013 Stadin pime\u00e4 puoli \u2013 The Dark Side of Helsinki<\/span><\/h2><p style=\"text-align: center;\"><span style=\"color: #d9dedd;\">This crime and thriller literary festival will take place in the last week of February. The main programme is at Helsinki\u2019s Alexander Theatre on 27 and 28 February 2026, where a host of leading crime novelists from Finland and abroad will speak. Satu R\u00e4m\u00f6, Max Seeck, Leena Lehtolainen, Patricia G. Bert\u00e9nyi, Matti Laine, Kale Puonti, Helena Immonen, Lilja Sigurdard\u00f3ttir and many other magnetic bestselling authors will appear during the weekend on stage at the Alexander Theatre. The main programme takes place over two days, with tickets available for either one or both days, as well as exclusive VIP tickets. Ticket sales open on 1 April. Get your tickets at Lippu.fi.<\/span><\/p><p style=\"text-align: center;\">\u00a0<\/p><p style=\"text-align: center;\"><span style=\"color: #d9dedd;\">Helsinki Noir will become a full festival week, with numerous literary events planned for central Helsinki. The City of Helsinki is involved in planning interesting encounters and events for the last week of February. Author talks, thematic film screenings, literary events for school pupils in libraries, thematic walking tours, reading circles and even literary pub quizzes and other low-threshold events are planned. Some of the events will be ticketed, while others will be free. Companies and volunteers can register as event partners by emailing <span style=\"color: #ff6600;\">ilmoittautumiset@wsoy.fi<\/span> with the subject line Helsinki Noir Partnership. The main event organizer is the publisher WSOY.<\/span><\/p><p style=\"text-align: center;\">\u00a0<\/p><p style=\"text-align: center;\"><span style=\"color: #d9dedd;\">Helsinki Noir follows in the footsteps of Iceland Noir, in Reykjavik in November, and Quais du Polar in Lyon in April. These events share a common desire to bring members of the public of all ages together at events to discuss books, meet authors and get excited about reading and crime literature.<\/span><\/p><p style=\"text-align: center;\">\u00a0<\/p><p style=\"text-align: center;\"><span style=\"color: #d9dedd;\">In the coming years Helsinki Noir wants to offer crime and thriller literary experiences to visitors to Helsinki from both the rest of Finland and abroad.<\/span><\/p><p style=\"text-align: center;\">\u00a0<\/p><p style=\"text-align: center;\"><span style=\"color: #d9dedd;\">The programme for both the Alexander Theatre and other venues will be updated as partnerships and speakers are confirmed.<\/span><\/p><p style=\"text-align: center;\">\u00a0<\/p><h3 style=\"text-align: center;\"><a href=\"https:\/\/www.lippu.fi\/artist\/aleksanterin-teatteri\/helsinki-noir-3865052\/\"><span style=\"color: #ff6600;\">GET YOUR TICKET<\/span><\/a><\/h3><p>\u00a0<\/p>\t\t\t\t\t\t\t\t<\/div>\n\t\t\t\t<\/div>\n\t\t\t\t\t<\/div>\n\t\t\t\t<\/div>\n\t\t\t\t<\/div>\n\t\t","protected":false},"excerpt":{"rendered":"<p>Festival info FAQ \u00a0 27 and 28 February 2026 Helsinki Noir \u2013 Stadin pime\u00e4 puoli \u2013 The Dark Side of Helsinki This crime and thriller literary festival will take place in the last week of February. The main programme is at Helsinki\u2019s Alexander Theatre on 27 and 28 February 2026, where a host of leading [&hellip;]<\/p>\n","protected":false},"author":1,"featured_media":0,"parent":0,"menu_order":0,"comment_status":"closed","ping_status":"closed","template":"","meta":{"footnotes":""},"class_list":["post-451","page","type-page","status-publish","hentry"],"_links":{"self":[{"href":"https:\/\/helsinkinoir.net\/en\/wp-json\/wp\/v2\/pages\/451","targetHints":{"allow":["GET"]}}],"collection":[{"href":"https:\/\/helsinkinoir.net\/en\/wp-json\/wp\/v2\/pages"}],"about":[{"href":"https:\/\/helsinkinoir.net\/en\/wp-json\/wp\/v2\/types\/page"}],"author":[{"embeddable":true,"href":"https:\/\/helsinkinoir.net\/en\/wp-json\/wp\/v2\/users\/1"}],"replies":[{"embeddable":true,"href":"https:\/\/helsinkinoir.net\/en\/wp-json\/wp\/v2\/comments?post=451"}],"version-history":[{"count":4,"href":"https:\/\/helsinkinoir.net\/en\/wp-json\/wp\/v2\/pages\/451\/revisions"}],"predecessor-version":[{"id":757,"href":"https:\/\/helsinkinoir.net\/en\/wp-json\/wp\/v2\/pages\/451\/revisions\/757"}],"wp:attachment":[{"href":"https:\/\/helsinkinoir.net\/en\/wp-json\/wp\/v2\/media?parent=451"}],"curies":[{"name":"wp","href":"https:\/\/api.w.org\/{rel}","templated":true}]}}